{"id":5479,"date":"2025-11-21T12:35:08","date_gmt":"2025-11-21T11:35:08","guid":{"rendered":"https:\/\/socialnest.org\/?page_id=5479"},"modified":"2025-11-21T18:15:43","modified_gmt":"2025-11-21T17:15:43","slug":"portal-de-transparencia","status":"publish","type":"page","link":"https:\/\/socialnest.org\/es\/portal-de-transparencia\/","title":{"rendered":"Portal de Transparencia"},"content":{"rendered":"","protected":false},"excerpt":{"rendered":"","protected":false},"author":1,"featured_media":0,"parent":0,"menu_order":0,"comment_status":"closed","ping_status":"closed","template":"","meta":[],"acf":{"h1_title":"","h2_title":"","page_content":[{"acf_fc_layout":"just_text","title":"","text":"Social Nest Foundation es una plataforma global que cataliza actores econ\u00f3micos para resolver desaf\u00edos sociales y medioambientales, para lograrlo recibe ayudas p\u00fablicas y\/o privadas de las siguientes entidades y programas:"},{"acf_fc_layout":"logos","logos":[{"image":5492},{"image":5474},{"image":5495}]},{"acf_fc_layout":"just_text","title":"","text":"<strong>2025:<\/strong> Ministerio de Trabajo y Econom\u00eda Social, Delegaci\u00f3n Especial para el Impulso a la Econom\u00eda Social.<br \/>\r\n<br \/>\r\nAyudas del Plan Integral de Impulso a la Econom\u00eda Social para el a\u00f1o 2025:<br \/>\r\n<br \/>\r\n<strong>Valor: \u20ac52.212,00<\/strong><br \/>\r\n<strong>Fecha:30.06.2025<\/strong><br \/>\r\n<br \/>\r\n<i>SNF Proyecto: Plataforma de Scouting para impulsar la innovaci\u00f3n y el futuro sostenible<\/i>"},{"acf_fc_layout":"logos","logos":[{"image":5490}]},{"acf_fc_layout":"just_text","title":"","text":"<strong>2023:<\/strong> HORIZON-EIE-2022-CONNECT-01, HORIZON-CSA.<br \/>\r\n<br \/>\r\nSubvenciones concedidas por instituciones, \u00f3rganos, oficinas o agencias de la UE (incluidas agencias ejecutivas de la UE, agencias reguladoras de la UE, la AED, empresas comunes, etc.).<br \/>\r\n<br \/>\r\n<strong>Valor : \u20ac37.812,50<\/strong><br \/>\r\n<strong>Fecha: 25\/05\/2023<\/strong><br \/>\r\n<br \/>\r\n<i>SNF Proyecto: Innovation Nexus \u201cINNONEXUS\u201d Consorcio Europeo con el objetivo de impulsar la inversi\u00f3n y emprendimiento de impacto.<\/i>"}]},"yoast_head":"<!-- This site is optimized with the Yoast SEO plugin v19.5.1 - https:\/\/yoast.com\/wordpress\/plugins\/seo\/ -->\n<title>Portal de Transparencia -<\/title>\n<meta name=\"robots\" content=\"index, follow, max-snippet:-1, max-image-preview:large, max-video-preview:-1\" \/>\n<link rel=\"canonical\" href=\"https:\/\/socialnest.org\/es\/portal-de-transparencia\/\" \/>\n<meta property=\"og:locale\" content=\"es_ES\" \/>\n<meta property=\"og:type\" content=\"article\" \/>\n<meta property=\"og:title\" content=\"Portal de Transparencia -\" \/>\n<meta property=\"og:url\" content=\"https:\/\/socialnest.org\/es\/portal-de-transparencia\/\" \/>\n<meta property=\"article:modified_time\" content=\"2025-11-21T17:15:43+00:00\" \/>\n<meta name=\"twitter:card\" content=\"summary_large_image\" \/>\n<script type=\"application\/ld+json\" class=\"yoast-schema-graph\">{\"@context\":\"https:\/\/schema.org\",\"@graph\":[{\"@type\":\"WebPage\",\"@id\":\"https:\/\/socialnest.org\/es\/portal-de-transparencia\/\",\"url\":\"https:\/\/socialnest.org\/es\/portal-de-transparencia\/\",\"name\":\"Portal de Transparencia -\",\"isPartOf\":{\"@id\":\"https:\/\/socialnest.org\/es\/#website\"},\"datePublished\":\"2025-11-21T11:35:08+00:00\",\"dateModified\":\"2025-11-21T17:15:43+00:00\",\"breadcrumb\":{\"@id\":\"https:\/\/socialnest.org\/es\/portal-de-transparencia\/#breadcrumb\"},\"inLanguage\":\"es\",\"potentialAction\":[{\"@type\":\"ReadAction\",\"target\":[\"https:\/\/socialnest.org\/es\/portal-de-transparencia\/\"]}]},{\"@type\":\"BreadcrumbList\",\"@id\":\"https:\/\/socialnest.org\/es\/portal-de-transparencia\/#breadcrumb\",\"itemListElement\":[{\"@type\":\"ListItem\",\"position\":1,\"name\":\"Portada\",\"item\":\"https:\/\/socialnest.org\/es\/\"},{\"@type\":\"ListItem\",\"position\":2,\"name\":\"Portal de Transparencia\"}]},{\"@type\":\"WebSite\",\"@id\":\"https:\/\/socialnest.org\/es\/#website\",\"url\":\"https:\/\/socialnest.org\/es\/\",\"name\":\"\",\"description\":\"\",\"potentialAction\":[{\"@type\":\"SearchAction\",\"target\":{\"@type\":\"EntryPoint\",\"urlTemplate\":\"https:\/\/socialnest.org\/es\/?s={search_term_string}\"},\"query-input\":\"required name=search_term_string\"}],\"inLanguage\":\"es\"}]}<\/script>\n<!-- \/ Yoast SEO plugin. -->","yoast_head_json":{"title":"Portal de Transparencia -","robots":{"index":"index","follow":"follow","max-snippet":"max-snippet:-1","max-image-preview":"max-image-preview:large","max-video-preview":"max-video-preview:-1"},"canonical":"https:\/\/socialnest.org\/es\/portal-de-transparencia\/","og_locale":"es_ES","og_type":"article","og_title":"Portal de Transparencia -","og_url":"https:\/\/socialnest.org\/es\/portal-de-transparencia\/","article_modified_time":"2025-11-21T17:15:43+00:00","twitter_card":"summary_large_image","schema":{"@context":"https:\/\/schema.org","@graph":[{"@type":"WebPage","@id":"https:\/\/socialnest.org\/es\/portal-de-transparencia\/","url":"https:\/\/socialnest.org\/es\/portal-de-transparencia\/","name":"Portal de Transparencia -","isPartOf":{"@id":"https:\/\/socialnest.org\/es\/#website"},"datePublished":"2025-11-21T11:35:08+00:00","dateModified":"2025-11-21T17:15:43+00:00","breadcrumb":{"@id":"https:\/\/socialnest.org\/es\/portal-de-transparencia\/#breadcrumb"},"inLanguage":"es","potentialAction":[{"@type":"ReadAction","target":["https:\/\/socialnest.org\/es\/portal-de-transparencia\/"]}]},{"@type":"BreadcrumbList","@id":"https:\/\/socialnest.org\/es\/portal-de-transparencia\/#breadcrumb","itemListElement":[{"@type":"ListItem","position":1,"name":"Portada","item":"https:\/\/socialnest.org\/es\/"},{"@type":"ListItem","position":2,"name":"Portal de Transparencia"}]},{"@type":"WebSite","@id":"https:\/\/socialnest.org\/es\/#website","url":"https:\/\/socialnest.org\/es\/","name":"","description":"","potentialAction":[{"@type":"SearchAction","target":{"@type":"EntryPoint","urlTemplate":"https:\/\/socialnest.org\/es\/?s={search_term_string}"},"query-input":"required name=search_term_string"}],"inLanguage":"es"}]}},"_links":{"self":[{"href":"https:\/\/socialnest.org\/es\/wp-json\/wp\/v2\/pages\/5479"}],"collection":[{"href":"https:\/\/socialnest.org\/es\/wp-json\/wp\/v2\/pages"}],"about":[{"href":"https:\/\/socialnest.org\/es\/wp-json\/wp\/v2\/types\/page"}],"author":[{"embeddable":true,"href":"https:\/\/socialnest.org\/es\/wp-json\/wp\/v2\/users\/1"}],"replies":[{"embeddable":true,"href":"https:\/\/socialnest.org\/es\/wp-json\/wp\/v2\/comments?post=5479"}],"version-history":[{"count":5,"href":"https:\/\/socialnest.org\/es\/wp-json\/wp\/v2\/pages\/5479\/revisions"}],"predecessor-version":[{"id":5497,"href":"https:\/\/socialnest.org\/es\/wp-json\/wp\/v2\/pages\/5479\/revisions\/5497"}],"wp:attachment":[{"href":"https:\/\/socialnest.org\/es\/wp-json\/wp\/v2\/media?parent=5479"}],"curies":[{"name":"wp","href":"https:\/\/api.w.org\/{rel}","templated":true}]}}