{"id":3208,"date":"2023-03-16T11:09:59","date_gmt":"2023-03-16T10:09:59","guid":{"rendered":"https:\/\/socialnest.org\/?page_id=3208"},"modified":"2025-02-11T16:42:54","modified_gmt":"2025-02-11T15:42:54","slug":"programas-corporativos","status":"publish","type":"page","link":"https:\/\/socialnest.org\/es\/programas-corporativos\/","title":{"rendered":"Programas corporativos"},"content":{"rendered":"","protected":false},"excerpt":{"rendered":"","protected":false},"author":1,"featured_media":0,"parent":0,"menu_order":0,"comment_status":"closed","ping_status":"closed","template":"page-initiatives.php","meta":[],"acf":{"h1_title":"","h2_title":"","category_initiatives":29,"header_image":3238,"initiative__description":"Conectamos el poder de la innovaci\u00f3n abierta con la ambici\u00f3n de las corporaciones y la agilidad de las startups. Nuestros programas fomentan la co-creaci\u00f3n, la colaboraci\u00f3n y la apertura, permitiendo a startups aportar su tecnolog\u00eda e impacto al ecosistema corporativo. ","initiative_text":"","partners__logo":[{"partner_title":"Partners","partners__cat":[{"logo":5355,"url_website":"https:\/\/101area.com\/"},{"logo":5357,"url_website":"https:\/\/www.danone.com\/"},{"logo":4060,"url_website":"https:\/\/www.caixapopular.es\/es"},{"logo":5362,"url_website":"https:\/\/es.usembassy.gov\/es\/"}]}]},"yoast_head":"<!-- This site is optimized with the Yoast SEO plugin v19.5.1 - https:\/\/yoast.com\/wordpress\/plugins\/seo\/ -->\n<title>Programas Corporativos | Social Nest Foundation<\/title>\n<meta name=\"description\" content=\"Unimos fuerzas con empresas que quieren hacer un impacto positivo en el mundo a trav\u00e9s de la innovaci\u00f3n abierta.\" \/>\n<meta name=\"robots\" content=\"index, follow, max-snippet:-1, max-image-preview:large, max-video-preview:-1\" \/>\n<link rel=\"canonical\" href=\"https:\/\/socialnest.org\/es\/programas-corporativos\/\" \/>\n<meta property=\"og:locale\" content=\"es_ES\" \/>\n<meta property=\"og:type\" content=\"article\" \/>\n<meta property=\"og:title\" content=\"Programas Corporativos | Social Nest Foundation\" \/>\n<meta property=\"og:description\" content=\"Unimos fuerzas con empresas que quieren hacer un impacto positivo en el mundo a trav\u00e9s de la innovaci\u00f3n abierta.\" \/>\n<meta property=\"og:url\" content=\"https:\/\/socialnest.org\/es\/programas-corporativos\/\" \/>\n<meta property=\"article:modified_time\" content=\"2025-02-11T15:42:54+00:00\" \/>\n<meta name=\"twitter:card\" content=\"summary_large_image\" \/>\n<script type=\"application\/ld+json\" class=\"yoast-schema-graph\">{\"@context\":\"https:\/\/schema.org\",\"@graph\":[{\"@type\":\"WebPage\",\"@id\":\"https:\/\/socialnest.org\/es\/programas-corporativos\/\",\"url\":\"https:\/\/socialnest.org\/es\/programas-corporativos\/\",\"name\":\"Programas Corporativos | Social Nest Foundation\",\"isPartOf\":{\"@id\":\"https:\/\/socialnest.org\/es\/#website\"},\"datePublished\":\"2023-03-16T10:09:59+00:00\",\"dateModified\":\"2025-02-11T15:42:54+00:00\",\"description\":\"Unimos fuerzas con empresas que quieren hacer un impacto positivo en el mundo a trav\u00e9s de la innovaci\u00f3n abierta.\",\"breadcrumb\":{\"@id\":\"https:\/\/socialnest.org\/es\/programas-corporativos\/#breadcrumb\"},\"inLanguage\":\"es\",\"potentialAction\":[{\"@type\":\"ReadAction\",\"target\":[\"https:\/\/socialnest.org\/es\/programas-corporativos\/\"]}]},{\"@type\":\"BreadcrumbList\",\"@id\":\"https:\/\/socialnest.org\/es\/programas-corporativos\/#breadcrumb\",\"itemListElement\":[{\"@type\":\"ListItem\",\"position\":1,\"name\":\"Portada\",\"item\":\"https:\/\/socialnest.org\/es\/\"},{\"@type\":\"ListItem\",\"position\":2,\"name\":\"Programas corporativos\"}]},{\"@type\":\"WebSite\",\"@id\":\"https:\/\/socialnest.org\/es\/#website\",\"url\":\"https:\/\/socialnest.org\/es\/\",\"name\":\"\",\"description\":\"\",\"potentialAction\":[{\"@type\":\"SearchAction\",\"target\":{\"@type\":\"EntryPoint\",\"urlTemplate\":\"https:\/\/socialnest.org\/es\/?s={search_term_string}\"},\"query-input\":\"required name=search_term_string\"}],\"inLanguage\":\"es\"}]}<\/script>\n<!-- \/ Yoast SEO plugin. -->","yoast_head_json":{"title":"Programas Corporativos | Social Nest Foundation","description":"Unimos fuerzas con empresas que quieren hacer un impacto positivo en el mundo a trav\u00e9s de la innovaci\u00f3n abierta.","robots":{"index":"index","follow":"follow","max-snippet":"max-snippet:-1","max-image-preview":"max-image-preview:large","max-video-preview":"max-video-preview:-1"},"canonical":"https:\/\/socialnest.org\/es\/programas-corporativos\/","og_locale":"es_ES","og_type":"article","og_title":"Programas Corporativos | Social Nest Foundation","og_description":"Unimos fuerzas con empresas que quieren hacer un impacto positivo en el mundo a trav\u00e9s de la innovaci\u00f3n abierta.","og_url":"https:\/\/socialnest.org\/es\/programas-corporativos\/","article_modified_time":"2025-02-11T15:42:54+00:00","twitter_card":"summary_large_image","schema":{"@context":"https:\/\/schema.org","@graph":[{"@type":"WebPage","@id":"https:\/\/socialnest.org\/es\/programas-corporativos\/","url":"https:\/\/socialnest.org\/es\/programas-corporativos\/","name":"Programas Corporativos | Social Nest Foundation","isPartOf":{"@id":"https:\/\/socialnest.org\/es\/#website"},"datePublished":"2023-03-16T10:09:59+00:00","dateModified":"2025-02-11T15:42:54+00:00","description":"Unimos fuerzas con empresas que quieren hacer un impacto positivo en el mundo a trav\u00e9s de la innovaci\u00f3n abierta.","breadcrumb":{"@id":"https:\/\/socialnest.org\/es\/programas-corporativos\/#breadcrumb"},"inLanguage":"es","potentialAction":[{"@type":"ReadAction","target":["https:\/\/socialnest.org\/es\/programas-corporativos\/"]}]},{"@type":"BreadcrumbList","@id":"https:\/\/socialnest.org\/es\/programas-corporativos\/#breadcrumb","itemListElement":[{"@type":"ListItem","position":1,"name":"Portada","item":"https:\/\/socialnest.org\/es\/"},{"@type":"ListItem","position":2,"name":"Programas corporativos"}]},{"@type":"WebSite","@id":"https:\/\/socialnest.org\/es\/#website","url":"https:\/\/socialnest.org\/es\/","name":"","description":"","potentialAction":[{"@type":"SearchAction","target":{"@type":"EntryPoint","urlTemplate":"https:\/\/socialnest.org\/es\/?s={search_term_string}"},"query-input":"required name=search_term_string"}],"inLanguage":"es"}]}},"_links":{"self":[{"href":"https:\/\/socialnest.org\/es\/wp-json\/wp\/v2\/pages\/3208"}],"collection":[{"href":"https:\/\/socialnest.org\/es\/wp-json\/wp\/v2\/pages"}],"about":[{"href":"https:\/\/socialnest.org\/es\/wp-json\/wp\/v2\/types\/page"}],"author":[{"embeddable":true,"href":"https:\/\/socialnest.org\/es\/wp-json\/wp\/v2\/users\/1"}],"replies":[{"embeddable":true,"href":"https:\/\/socialnest.org\/es\/wp-json\/wp\/v2\/comments?post=3208"}],"version-history":[{"count":10,"href":"https:\/\/socialnest.org\/es\/wp-json\/wp\/v2\/pages\/3208\/revisions"}],"predecessor-version":[{"id":5403,"href":"https:\/\/socialnest.org\/es\/wp-json\/wp\/v2\/pages\/3208\/revisions\/5403"}],"wp:attachment":[{"href":"https:\/\/socialnest.org\/es\/wp-json\/wp\/v2\/media?parent=3208"}],"curies":[{"name":"wp","href":"https:\/\/api.w.org\/{rel}","templated":true}]}}