{"id":1863,"date":"2021-03-29T16:31:37","date_gmt":"2021-03-29T14:31:37","guid":{"rendered":"https:\/\/socialnest.org\/startup-programs\/"},"modified":"2024-10-21T14:30:40","modified_gmt":"2024-10-21T12:30:40","slug":"programas-para-startups","status":"publish","type":"page","link":"https:\/\/socialnest.org\/es\/programas-para-startups\/","title":{"rendered":"Programas para Startups"},"content":{"rendered":"","protected":false},"excerpt":{"rendered":"","protected":false},"author":1,"featured_media":1405,"parent":0,"menu_order":0,"comment_status":"closed","ping_status":"closed","template":"page-initiatives.php","meta":[],"acf":{"header_image":1405,"initiative__description":"Apoyamos y acompa\u00f1amos a quienes emprenden iniciativas que tienen un impacto social y ambiental positivo. Desarrollamos programas de aceleraci\u00f3n para startups de impacto que potencian sus posibilidades de \u00e9xito.","category_initiatives":21,"startups_text":"","h1_title":"Programas para Startups","h2_title":"","partners__logo":false,"initiative_text":"","startups":[{"logo":false,"url_website":""},{"logo":5268,"url_website":""},{"logo":1920,"url_website":"https:\/\/adalab.es\/"},{"logo":1466,"url_website":"https:\/\/www.aervio.com\/en\/"},{"logo":4208,"url_website":"https:\/\/agrocenta.com\/"},{"logo":4214,"url_website":"https:\/\/ailin.es\/"},{"logo":4252,"url_website":"https:\/\/atriamove.com\/"},{"logo":1671,"url_website":"https:\/\/amaia-app.es\/"},{"logo":4249,"url_website":"https:\/\/www.ammarket.com\/"},{"logo":3151,"url_website":"www.annyweb.com"},{"logo":3787,"url_website":"https:\/\/www.aonchip.com\/"},{"logo":3789,"url_website":"https:\/\/www.aquactiva-solutions.com\/"},{"logo":1644,"url_website":"https:\/\/www.aquareturn.com\/en\/"},{"logo":3791,"url_website":"https:\/\/www.azollaprojects.com\/"},{"logo":1645,"url_website":"https:\/\/barbaraiot.com\/en\/"},{"logo":4244,"url_website":"https:\/\/bcome.biz\/"},{"logo":1649,"url_website":"https:\/\/bemore3d.com\/language\/en\/home\/"},{"logo":5272,"url_website":""},{"logo":1460,"url_website":""},{"logo":1647,"url_website":"https:\/\/www.bioithas.com\/"},{"logo":1663,"url_website":"https:\/\/es.biootech.com\/"},{"logo":4272,"url_website":"https:\/\/bioscore.info\/"},{"logo":5274,"url_website":""},{"logo":3793,"url_website":"https:\/\/bisari.es\/"},{"logo":1465,"url_website":"https:\/\/www.blocktac.com\/"},{"logo":1474,"url_website":"https:\/\/www.bounsel.com\/es\/"},{"logo":4230,"url_website":"https:\/\/www.breadfree.es\/es\/"},{"logo":3795,"url_website":"https:\/\/youbumerang.com\/"},{"logo":1458,"url_website":"https:\/\/www.byhours.com\/"},{"logo":5282,"url_website":""},{"logo":1651,"url_website":"https:\/\/passiveshower.com\/en\/home\/"},{"logo":1463,"url_website":"https:\/\/www.citd.eu\/home\/"},{"logo":1662,"url_website":"https:\/\/climatetrade.com\/es\/inicio\/"},{"logo":3153,"url_website":"www.clotsybrand.com"},{"logo":1472,"url_website":"https:\/\/www.cocircular.es\/"},{"logo":3155,"url_website":""},{"logo":5264,"url_website":""},{"logo":1452,"url_website":"https:\/\/www.icuantix.com\/"},{"logo":1918,"url_website":"https:\/\/culturaaccesible.com\/"},{"logo":4232,"url_website":""},{"logo":3797,"url_website":"https:\/\/darwinbioprospecting.com\/"},{"logo":1916,"url_website":"https:\/\/dearmarioaarmario.wordpress.com\/"},{"logo":1457,"url_website":"https:\/\/defcon8.com\/en\/"},{"logo":1453,"url_website":"https:\/\/www.designable.es\/"},{"logo":4220,"url_website":"https:\/\/digud.com\/"},{"logo":1456,"url_website":"https:\/\/dual-link.com\/es\/"},{"logo":3157,"url_website":"https:\/\/ecodicta.com\/"},{"logo":1653,"url_website":"https:\/\/ecoremedi.es\/"},{"logo":3159,"url_website":"https:\/\/educall.co\/"},{"logo":1667,"url_website":"https:\/\/www.erudit.ai\/"},{"logo":4210,"url_website":""},{"logo":5284,"url_website":""},{"logo":4242,"url_website":"https:\/\/foloou.me\/"},{"logo":3799,"url_website":""},{"logo":3801,"url_website":"https:\/\/fregataspace.com\/"},{"logo":3161,"url_website":"https:\/\/gaiagreen.tech\/"},{"logo":3803,"url_website":"https:\/\/www.genbioma.com\/"},{"logo":1642,"url_website":"https:\/\/generaldrones.es\/"},{"logo":5276,"url_website":""},{"logo":3805,"url_website":"https:\/\/gradhoc.com\/es\/"},{"logo":1648,"url_website":"https:\/\/www.greenb2e.com\/"},{"logo":1476,"url_website":"https:\/\/www.greenurbandata.com\/en\/"},{"logo":4256,"url_website":"https:\/\/www.helenisbiocosmetics.com\/"},{"logo":3163,"url_website":"https:\/\/www.hidroponika.com.pe\/"},{"logo":1673,"url_website":"https:\/\/www.hortusminimus.es\/"},{"logo":4270,"url_website":""},{"logo":4216,"url_website":"https:\/\/ibions.com\/"},{"logo":1459,"url_website":"https:\/\/www.indresmat.com\/"},{"logo":3807,"url_website":"https:\/\/innogando.com\/"},{"logo":3809,"url_website":"https:\/\/innoplant.es\/"},{"logo":5278,"url_website":""},{"logo":4206,"url_website":"https:\/\/kampejobs.com\/"},{"logo":4268,"url_website":"https:\/\/knitinweb.com\/"},{"logo":1646,"url_website":"https:\/\/kmina.com\/"},{"logo":4260,"url_website":"https:\/\/lafabricadehobbies.es\/"},{"logo":1473,"url_website":"https:\/\/lazzaro.io\/"},{"logo":4266,"url_website":""},{"logo":1658,"url_website":""},{"logo":3165,"url_website":"https:\/\/lulla.care\/"},{"logo":5286,"url_website":""},{"logo":5288,"url_website":""},{"logo":4258,"url_website":"https:\/\/cellermardevins.com\/"},{"logo":1656,"url_website":"https:\/\/www.mercatuber.com\/"},{"logo":4264,"url_website":"https:\/\/meetbio.es\/?gclid=CjwKCAiA0syqBhBxEiwAeNx9N99X_gp3Hegyu5HLaMgSzIGZ5nXA3jAb3X3bMAuGDs_hYW5GEvUVHxoCHsUQAvD_BwE"},{"logo":1670,"url_website":"https:\/\/metricsalad.com\/"},{"logo":4222,"url_website":"https:\/\/mindahead.info\/homepage-english\/"},{"logo":3811,"url_website":"https:\/\/miobio.club\/"},{"logo":3167,"url_website":"http:\/\/www.soymunay.org\/"},{"logo":3813,"url_website":"https:\/\/naria.digital\/"},{"logo":4238,"url_website":"https:\/\/nat4bio.com\/"},{"logo":5258,"url_website":""},{"logo":1467,"url_website":""},{"logo":4254,"url_website":"https:\/\/niamarlua.com\/nia-marlua\/"},{"logo":3815,"url_website":"https:\/\/www.nucapsnanotechnology.com\/es\/"},{"logo":1469,"url_website":""},{"logo":5260,"url_website":""},{"logo":1674,"url_website":"https:\/\/oficinatransicionenergetica.com\/"},{"logo":3169,"url_website":"https:\/\/linktr.ee\/oglifoods"},{"logo":5290,"url_website":""},{"logo":1471,"url_website":""},{"logo":1450,"url_website":"https:\/\/www.orbitaleos.com\/"},{"logo":4234,"url_website":"https:\/\/www.orygen.earth\/"},{"logo":3817,"url_website":"https:\/\/www.oscillum.com\/"},{"logo":4224,"url_website":"https:\/\/www.pack2earth.eco\/es\/pack-2-earth-espanol\/"},{"logo":3171,"url_website":"www.pachamama.eco"},{"logo":3173,"url_website":"http:\/\/www.paraoil.com.br\/"},{"logo":4226,"url_website":"https:\/\/www.flyparrots.com\/"},{"logo":3819,"url_website":"https:\/\/plastiks.io\/"},{"logo":1449,"url_website":"https:\/\/pod.coop\/"},{"logo":3175,"url_website":"http:\/\/www.poliestudios.org\/"},{"logo":4240,"url_website":"https:\/\/powerfultree.com\/"},{"logo":3177,"url_website":"www.proteusinnovation.es"},{"logo":4280,"url_website":"https:\/\/quimsil.com\/"},{"logo":1643,"url_website":"https:\/\/rithmi.com\/"},{"logo":1462,"url_website":"https:\/\/scoobic.com\/en\/"},{"logo":3179,"url_website":"https:\/\/sensegrass.com\/"},{"logo":1675,"url_website":"https:\/\/sepiia.com\/"},{"logo":3181,"url_website":"https:\/\/serigrafiadelagringa.com\/"},{"logo":4200,"url_website":"https:\/\/www.bysekond.com\/"},{"logo":3183,"url_website":"https:\/\/singularity-experts.com\/"},{"logo":4228,"url_website":"https:\/\/www.skalo.co\/"},{"logo":4212,"url_website":"https:\/\/smallops.eu\/"},{"logo":1451,"url_website":"https:\/\/www.solarisoffgrid.com\/"},{"logo":4276,"url_website":""},{"logo":4204,"url_website":"https:\/\/www.solumpv.com\/"},{"logo":3185,"url_website":""},{"logo":1475,"url_website":"https:\/\/stratolloon.com\/"},{"logo":3823,"url_website":"https:\/\/www.swearit.io\/"},{"logo":3825,"url_website":"https:\/\/www.sycaimedical.com\/es"},{"logo":false,"url_website":""},{"logo":1654,"url_website":"https:\/\/thecommonones.com\/"},{"logo":1668,"url_website":""},{"logo":1659,"url_website":"https:\/\/terraversa.es\/"},{"logo":1650,"url_website":"https:\/\/tornem.es\/"},{"logo":1666,"url_website":"https:\/\/toqio.co\/"},{"logo":1664,"url_website":"https:\/\/www.triditive.com\/"},{"logo":4262,"url_website":""},{"logo":4278,"url_website":"https:\/\/umibots.com\/"},{"logo":1641,"url_website":"https:\/\/uttopy.com\/"},{"logo":3187,"url_website":"https:\/\/www.u4impact.org\/"},{"logo":1672,"url_website":"https:\/\/valuahub.com\/"},{"logo":1661,"url_website":"https:\/\/www.voluta.coop\/"},{"logo":1665,"url_website":"https:\/\/vortexbladeless.com\/"},{"logo":1464,"url_website":""},{"logo":3189,"url_website":"http:\/\/www.soywarmi.com\/"}],"testimonials_startups":[{"imagen":1603,"name":"Siten Mandalia","position_and_name_company":"CEO de Solaris Offgrid","testimonial":"\u201cEl programa de Social Nest Foundation ha brindado a Solaris Offgrid acceso a emprendedores e inversores enfocados en el impacto a trav\u00e9s de varios eventos y presentaciones, lo cual ha sido importante para construir presencia y una red para acompa\u00f1ar el crecimiento. Adem\u00e1s, el espacio colaborativo de Social Nest Foundation, The Nest, ha sido un espacio importante para que el equipo trabaje junto a algunos de los principales emprendedores de impacto de Espa\u00f1a, compartiendo ideas y colaborando.\u201d"},{"imagen":1604,"name":"Natalia Valle","position_and_name_company":"CEO de Plant on Demand","testimonial":"\u201cLos talleres fueron realmente \u00fatiles y siempre con grandes profesionales. Desarrollamos conocimiento de valor que pod\u00eda aplicarse de inmediato en el d\u00eda a d\u00eda de nuestra startup. Adem\u00e1s, la red de mentores es lo mejor que puedes encontrar a nivel espa\u00f1ol dentro del mundo social.\u201d"},{"imagen":1605,"name":"Juan Pe\u00f1a","position_and_name_company":"CEO de Orbital EOS","testimonial":"\"Social Nest Foundation nos brind\u00f3 una comprensi\u00f3n clara de lo que es la inversi\u00f3n de impacto y una experiencia muy agradable para aprender a abordar los mercados internacionales.\""},{"imagen":4188,"name":"Javier Garc\u00eda Lopez","position_and_name_company":"Cofundador y CTO de Sycai Medical","testimonial":"\"El programa te conecta con un ecosistema potente de emprendedores e inversores, aportando mucha visibilidad. Adem\u00e1s te ayuda a analizar tu negocio desde el punto de vista de la generaci\u00f3n y la gesti\u00f3n de impacto.\""},{"imagen":4192,"name":"Luis Chimeno Moral","position_and_name_company":"CEO de Oscillum Biotechnology","testimonial":"\"Scale the impact es un programa que marca el inicio de una nueva comunidad de empresas que buscan generar impacto con sus operaciones. Se pueden generar nuevos modelos de negocios rentables y con impacto, pero para conseguirlos es mejor caminar juntos.\""},{"imagen":4823,"name":"Kilian Zaragoza Mora","position_and_name_company":"CEO y cofundador de Naria","testimonial":"\"Nuestra experiencia en los programas Social Nest ha sido profundamente transformadora. Desde formaciones y mentor\u00edas de alta calidad hasta conexiones con empresas destacadas como Danone, Gradhoc, Illunion y Fundaci\u00f3n ONCE, estos programas no solo nos han proporcionado conocimientos y acerc\u00e1ndonos a la certificaci\u00f3n B-Corp, sino que tambi\u00e9n han ampliado nuestra red de contactos estrat\u00e9gicos y nos han posicionado en el espacio de empresas sociales.\""}]},"yoast_head":"<!-- This site is optimized with the Yoast SEO plugin v19.5.1 - https:\/\/yoast.com\/wordpress\/plugins\/seo\/ -->\n<title>Programas para Startups de Impacto | Social Nest Foundation<\/title>\n<meta name=\"description\" content=\"Apoyamos y acompa\u00f1amos a quienes emprenden iniciativas que tienen un impacto social y ambiental positivo.\" \/>\n<meta name=\"robots\" content=\"index, follow, max-snippet:-1, max-image-preview:large, max-video-preview:-1\" \/>\n<link rel=\"canonical\" href=\"https:\/\/socialnest.org\/es\/programas-para-startups\/\" \/>\n<meta property=\"og:locale\" content=\"es_ES\" \/>\n<meta property=\"og:type\" content=\"article\" \/>\n<meta property=\"og:title\" content=\"Programas para Startups de Impacto | Social Nest Foundation\" \/>\n<meta property=\"og:description\" content=\"Apoyamos y acompa\u00f1amos a quienes emprenden iniciativas que tienen un impacto social y ambiental positivo.\" \/>\n<meta property=\"og:url\" content=\"https:\/\/socialnest.org\/es\/programas-para-startups\/\" \/>\n<meta property=\"article:modified_time\" content=\"2024-10-21T12:30:40+00:00\" \/>\n<meta property=\"og:image\" content=\"https:\/\/socialnest.org\/wp-content\/uploads\/2021\/04\/TheNest_impact_002-1024x683-1.jpg\" \/>\n\t<meta property=\"og:image:width\" content=\"1024\" \/>\n\t<meta property=\"og:image:height\" content=\"683\" \/>\n\t<meta property=\"og:image:type\" content=\"image\/jpeg\" \/>\n<meta name=\"twitter:card\" content=\"summary_large_image\" \/>\n<script type=\"application\/ld+json\" class=\"yoast-schema-graph\">{\"@context\":\"https:\/\/schema.org\",\"@graph\":[{\"@type\":\"WebPage\",\"@id\":\"https:\/\/socialnest.org\/es\/programas-para-startups\/\",\"url\":\"https:\/\/socialnest.org\/es\/programas-para-startups\/\",\"name\":\"Programas para Startups de Impacto | Social Nest Foundation\",\"isPartOf\":{\"@id\":\"https:\/\/socialnest.org\/es\/#website\"},\"datePublished\":\"2021-03-29T14:31:37+00:00\",\"dateModified\":\"2024-10-21T12:30:40+00:00\",\"description\":\"Apoyamos y acompa\u00f1amos a quienes emprenden iniciativas que tienen un impacto social y ambiental positivo.\",\"breadcrumb\":{\"@id\":\"https:\/\/socialnest.org\/es\/programas-para-startups\/#breadcrumb\"},\"inLanguage\":\"es\",\"potentialAction\":[{\"@type\":\"ReadAction\",\"target\":[\"https:\/\/socialnest.org\/es\/programas-para-startups\/\"]}]},{\"@type\":\"BreadcrumbList\",\"@id\":\"https:\/\/socialnest.org\/es\/programas-para-startups\/#breadcrumb\",\"itemListElement\":[{\"@type\":\"ListItem\",\"position\":1,\"name\":\"Portada\",\"item\":\"https:\/\/socialnest.org\/es\/\"},{\"@type\":\"ListItem\",\"position\":2,\"name\":\"Programas para Startups\"}]},{\"@type\":\"WebSite\",\"@id\":\"https:\/\/socialnest.org\/es\/#website\",\"url\":\"https:\/\/socialnest.org\/es\/\",\"name\":\"\",\"description\":\"\",\"potentialAction\":[{\"@type\":\"SearchAction\",\"target\":{\"@type\":\"EntryPoint\",\"urlTemplate\":\"https:\/\/socialnest.org\/es\/?s={search_term_string}\"},\"query-input\":\"required name=search_term_string\"}],\"inLanguage\":\"es\"}]}<\/script>\n<!-- \/ Yoast SEO plugin. -->","yoast_head_json":{"title":"Programas para Startups de Impacto | Social Nest Foundation","description":"Apoyamos y acompa\u00f1amos a quienes emprenden iniciativas que tienen un impacto social y ambiental positivo.","robots":{"index":"index","follow":"follow","max-snippet":"max-snippet:-1","max-image-preview":"max-image-preview:large","max-video-preview":"max-video-preview:-1"},"canonical":"https:\/\/socialnest.org\/es\/programas-para-startups\/","og_locale":"es_ES","og_type":"article","og_title":"Programas para Startups de Impacto | Social Nest Foundation","og_description":"Apoyamos y acompa\u00f1amos a quienes emprenden iniciativas que tienen un impacto social y ambiental positivo.","og_url":"https:\/\/socialnest.org\/es\/programas-para-startups\/","article_modified_time":"2024-10-21T12:30:40+00:00","og_image":[{"width":1024,"height":683,"url":"https:\/\/socialnest.org\/wp-content\/uploads\/2021\/04\/TheNest_impact_002-1024x683-1.jpg","type":"image\/jpeg"}],"twitter_card":"summary_large_image","schema":{"@context":"https:\/\/schema.org","@graph":[{"@type":"WebPage","@id":"https:\/\/socialnest.org\/es\/programas-para-startups\/","url":"https:\/\/socialnest.org\/es\/programas-para-startups\/","name":"Programas para Startups de Impacto | Social Nest Foundation","isPartOf":{"@id":"https:\/\/socialnest.org\/es\/#website"},"datePublished":"2021-03-29T14:31:37+00:00","dateModified":"2024-10-21T12:30:40+00:00","description":"Apoyamos y acompa\u00f1amos a quienes emprenden iniciativas que tienen un impacto social y ambiental positivo.","breadcrumb":{"@id":"https:\/\/socialnest.org\/es\/programas-para-startups\/#breadcrumb"},"inLanguage":"es","potentialAction":[{"@type":"ReadAction","target":["https:\/\/socialnest.org\/es\/programas-para-startups\/"]}]},{"@type":"BreadcrumbList","@id":"https:\/\/socialnest.org\/es\/programas-para-startups\/#breadcrumb","itemListElement":[{"@type":"ListItem","position":1,"name":"Portada","item":"https:\/\/socialnest.org\/es\/"},{"@type":"ListItem","position":2,"name":"Programas para Startups"}]},{"@type":"WebSite","@id":"https:\/\/socialnest.org\/es\/#website","url":"https:\/\/socialnest.org\/es\/","name":"","description":"","potentialAction":[{"@type":"SearchAction","target":{"@type":"EntryPoint","urlTemplate":"https:\/\/socialnest.org\/es\/?s={search_term_string}"},"query-input":"required name=search_term_string"}],"inLanguage":"es"}]}},"_links":{"self":[{"href":"https:\/\/socialnest.org\/es\/wp-json\/wp\/v2\/pages\/1863"}],"collection":[{"href":"https:\/\/socialnest.org\/es\/wp-json\/wp\/v2\/pages"}],"about":[{"href":"https:\/\/socialnest.org\/es\/wp-json\/wp\/v2\/types\/page"}],"author":[{"embeddable":true,"href":"https:\/\/socialnest.org\/es\/wp-json\/wp\/v2\/users\/1"}],"replies":[{"embeddable":true,"href":"https:\/\/socialnest.org\/es\/wp-json\/wp\/v2\/comments?post=1863"}],"version-history":[{"count":18,"href":"https:\/\/socialnest.org\/es\/wp-json\/wp\/v2\/pages\/1863\/revisions"}],"predecessor-version":[{"id":5297,"href":"https:\/\/socialnest.org\/es\/wp-json\/wp\/v2\/pages\/1863\/revisions\/5297"}],"wp:featuredmedia":[{"embeddable":true,"href":"https:\/\/socialnest.org\/es\/wp-json\/wp\/v2\/media\/1405"}],"wp:attachment":[{"href":"https:\/\/socialnest.org\/es\/wp-json\/wp\/v2\/media?parent=1863"}],"curies":[{"name":"wp","href":"https:\/\/api.w.org\/{rel}","templated":true}]}}