{"id":1860,"date":"2021-03-04T12:16:27","date_gmt":"2021-03-04T11:16:27","guid":{"rendered":"https:\/\/socialnest.org\/partner-with-us\/"},"modified":"2024-03-28T12:02:56","modified_gmt":"2024-03-28T11:02:56","slug":"colabora-con-nosotros","status":"publish","type":"page","link":"https:\/\/socialnest.org\/es\/colabora-con-nosotros\/","title":{"rendered":"Colabora con nosotros"},"content":{"rendered":"","protected":false},"excerpt":{"rendered":"","protected":false},"author":1,"featured_media":0,"parent":0,"menu_order":0,"comment_status":"closed","ping_status":"closed","template":"page-partners.php","meta":[],"acf":{"initiatives_info":[{"image":1353,"title":"Para Startups","description":"A trav\u00e9s de programas de innovaci\u00f3n abierta con impacto, fomentamos los espacios de conversaci\u00f3n y co-creaci\u00f3n de proyectos entre startups y grandes empresas:<br \/>\r\n<ul><li>Ayudar\u00e1s a corporaciones a resolver sus retos de impacto y sostenibilidad.<\/li><li>Acceder\u00e1s a redes clave, con\u00e9ctandote con l\u00edderes de la industria.<\/li><li>Validar\u00e1s tu producto y trabajar\u00e1s con corporaciones l\u00edderes para perfeccionar tus soluciones.<\/li><li>Recibir\u00e1s mentor\u00edas y apoyo especializado, obteniendo orientaci\u00f3n de expertos de tu industria para acelerar tu crecimiento.<\/li><li>Acceder\u00e1s a oportunidades de financiamiento a trav\u00e9s de corporate venturing, fondos de capital riesgo o family offices.<\/li><li>Colabor\u00e1s en proyectos con un prop\u00f3sito, contribuyendo al cambio social y medioambiental.<\/li><\/ul> Mantente atento a nuestras futuras convocatorias para unirte a nuestra comunidad de innovaci\u00f3n.","text_button":"\u00a1Cu\u00e9ntame m\u00e1s!","url_button":"\/unete-como-startup"},{"image":4763,"title":"Para Empresas e Instituciones","description":"Ayudamos a tu organizaci\u00f3n a:<br \/>\r\n<ul><li>Generar innovaci\u00f3n con soluciones de alto impacto positivo para el desempe\u00f1o econ\u00f3mico, ambiental y social de la organizaci\u00f3n.<\/li><li>Dise\u00f1ar y ejecutar la estrategia de impacto de la organizaci\u00f3n, alineada a su prop\u00f3sito y negocio.<\/li><li>Implementar un sistema de gesti\u00f3n y medici\u00f3n de impacto (IMM) para maximizar la generaci\u00f3n de impacto positivo ambiental y social y mejorar el reporte de sus resultados.<\/li><\/ul>","text_button":"Saber m\u00e1s","url_button":"\/unete-como-empresa"},{"image":1351,"title":"Para personas inversoras","description":"<ul><li>Obt\u00e9n acceso a informaci\u00f3n de calidad.<\/li><li>Obt\u00e9n acceso a un dealflow de calidad.<\/li><li>Obt\u00e9n acceso a oportunidades de inversi\u00f3n confiables en todo el mundo.<\/li><\/ul><br \/>\r\n<br \/>\r\n","text_button":"Saber m\u00e1s","url_button":"\/unete-como-persona-inversora"},{"image":1352,"title":"Ponentes y Mentores","description":"\u00bfEres una persona l\u00edder, emprendedora, innovadora o experta en el campo del impacto? Si tienes lo que se necesita para inspirar a otros, podr\u00edas ser mentor\/a o ponente en nuestros programas y eventos.","text_button":"Cont\u00e1ctanos","url_button":"\/unete-como-mentor-ponente"}],"header__image":3979,"title__header":"Colabora Con Nosotros","h1_title":"Colabora con nosotros","h2_title":""},"yoast_head":"<!-- This site is optimized with the Yoast SEO plugin v19.5.1 - https:\/\/yoast.com\/wordpress\/plugins\/seo\/ -->\n<title>Colabora con Social Nest Fundation<\/title>\n<meta name=\"description\" content=\"\u00bfQuieres colaborar con nosotros? Social Nest es la fundaci\u00f3n perfecta para Startups, Empresas, Instituciones e Inversores por impacto \u2713 \u00a1Con\u00f3cenos!\" \/>\n<meta name=\"robots\" content=\"index, follow, max-snippet:-1, max-image-preview:large, max-video-preview:-1\" \/>\n<link rel=\"canonical\" href=\"https:\/\/socialnest.org\/es\/colabora-con-nosotros\/\" \/>\n<meta property=\"og:locale\" content=\"es_ES\" \/>\n<meta property=\"og:type\" content=\"article\" \/>\n<meta property=\"og:title\" content=\"Colabora con Social Nest Fundation\" \/>\n<meta property=\"og:description\" content=\"\u00bfQuieres colaborar con nosotros? Social Nest es la fundaci\u00f3n perfecta para Startups, Empresas, Instituciones e Inversores por impacto \u2713 \u00a1Con\u00f3cenos!\" \/>\n<meta property=\"og:url\" content=\"https:\/\/socialnest.org\/es\/colabora-con-nosotros\/\" \/>\n<meta property=\"article:modified_time\" content=\"2024-03-28T11:02:56+00:00\" \/>\n<meta name=\"twitter:card\" content=\"summary_large_image\" \/>\n<script type=\"application\/ld+json\" class=\"yoast-schema-graph\">{\"@context\":\"https:\/\/schema.org\",\"@graph\":[{\"@type\":\"WebPage\",\"@id\":\"https:\/\/socialnest.org\/es\/colabora-con-nosotros\/\",\"url\":\"https:\/\/socialnest.org\/es\/colabora-con-nosotros\/\",\"name\":\"Colabora con Social Nest Fundation\",\"isPartOf\":{\"@id\":\"https:\/\/socialnest.org\/es\/#website\"},\"datePublished\":\"2021-03-04T11:16:27+00:00\",\"dateModified\":\"2024-03-28T11:02:56+00:00\",\"description\":\"\u00bfQuieres colaborar con nosotros? Social Nest es la fundaci\u00f3n perfecta para Startups, Empresas, Instituciones e Inversores por impacto \u2713 \u00a1Con\u00f3cenos!\",\"breadcrumb\":{\"@id\":\"https:\/\/socialnest.org\/es\/colabora-con-nosotros\/#breadcrumb\"},\"inLanguage\":\"es\",\"potentialAction\":[{\"@type\":\"ReadAction\",\"target\":[\"https:\/\/socialnest.org\/es\/colabora-con-nosotros\/\"]}]},{\"@type\":\"BreadcrumbList\",\"@id\":\"https:\/\/socialnest.org\/es\/colabora-con-nosotros\/#breadcrumb\",\"itemListElement\":[{\"@type\":\"ListItem\",\"position\":1,\"name\":\"Portada\",\"item\":\"https:\/\/socialnest.org\/es\/\"},{\"@type\":\"ListItem\",\"position\":2,\"name\":\"Colabora con nosotros\"}]},{\"@type\":\"WebSite\",\"@id\":\"https:\/\/socialnest.org\/es\/#website\",\"url\":\"https:\/\/socialnest.org\/es\/\",\"name\":\"\",\"description\":\"\",\"potentialAction\":[{\"@type\":\"SearchAction\",\"target\":{\"@type\":\"EntryPoint\",\"urlTemplate\":\"https:\/\/socialnest.org\/es\/?s={search_term_string}\"},\"query-input\":\"required name=search_term_string\"}],\"inLanguage\":\"es\"}]}<\/script>\n<!-- \/ Yoast SEO plugin. -->","yoast_head_json":{"title":"Colabora con Social Nest Fundation","description":"\u00bfQuieres colaborar con nosotros? Social Nest es la fundaci\u00f3n perfecta para Startups, Empresas, Instituciones e Inversores por impacto \u2713 \u00a1Con\u00f3cenos!","robots":{"index":"index","follow":"follow","max-snippet":"max-snippet:-1","max-image-preview":"max-image-preview:large","max-video-preview":"max-video-preview:-1"},"canonical":"https:\/\/socialnest.org\/es\/colabora-con-nosotros\/","og_locale":"es_ES","og_type":"article","og_title":"Colabora con Social Nest Fundation","og_description":"\u00bfQuieres colaborar con nosotros? Social Nest es la fundaci\u00f3n perfecta para Startups, Empresas, Instituciones e Inversores por impacto \u2713 \u00a1Con\u00f3cenos!","og_url":"https:\/\/socialnest.org\/es\/colabora-con-nosotros\/","article_modified_time":"2024-03-28T11:02:56+00:00","twitter_card":"summary_large_image","schema":{"@context":"https:\/\/schema.org","@graph":[{"@type":"WebPage","@id":"https:\/\/socialnest.org\/es\/colabora-con-nosotros\/","url":"https:\/\/socialnest.org\/es\/colabora-con-nosotros\/","name":"Colabora con Social Nest Fundation","isPartOf":{"@id":"https:\/\/socialnest.org\/es\/#website"},"datePublished":"2021-03-04T11:16:27+00:00","dateModified":"2024-03-28T11:02:56+00:00","description":"\u00bfQuieres colaborar con nosotros? Social Nest es la fundaci\u00f3n perfecta para Startups, Empresas, Instituciones e Inversores por impacto \u2713 \u00a1Con\u00f3cenos!","breadcrumb":{"@id":"https:\/\/socialnest.org\/es\/colabora-con-nosotros\/#breadcrumb"},"inLanguage":"es","potentialAction":[{"@type":"ReadAction","target":["https:\/\/socialnest.org\/es\/colabora-con-nosotros\/"]}]},{"@type":"BreadcrumbList","@id":"https:\/\/socialnest.org\/es\/colabora-con-nosotros\/#breadcrumb","itemListElement":[{"@type":"ListItem","position":1,"name":"Portada","item":"https:\/\/socialnest.org\/es\/"},{"@type":"ListItem","position":2,"name":"Colabora con nosotros"}]},{"@type":"WebSite","@id":"https:\/\/socialnest.org\/es\/#website","url":"https:\/\/socialnest.org\/es\/","name":"","description":"","potentialAction":[{"@type":"SearchAction","target":{"@type":"EntryPoint","urlTemplate":"https:\/\/socialnest.org\/es\/?s={search_term_string}"},"query-input":"required name=search_term_string"}],"inLanguage":"es"}]}},"_links":{"self":[{"href":"https:\/\/socialnest.org\/es\/wp-json\/wp\/v2\/pages\/1860"}],"collection":[{"href":"https:\/\/socialnest.org\/es\/wp-json\/wp\/v2\/pages"}],"about":[{"href":"https:\/\/socialnest.org\/es\/wp-json\/wp\/v2\/types\/page"}],"author":[{"embeddable":true,"href":"https:\/\/socialnest.org\/es\/wp-json\/wp\/v2\/users\/1"}],"replies":[{"embeddable":true,"href":"https:\/\/socialnest.org\/es\/wp-json\/wp\/v2\/comments?post=1860"}],"version-history":[{"count":13,"href":"https:\/\/socialnest.org\/es\/wp-json\/wp\/v2\/pages\/1860\/revisions"}],"predecessor-version":[{"id":4765,"href":"https:\/\/socialnest.org\/es\/wp-json\/wp\/v2\/pages\/1860\/revisions\/4765"}],"wp:attachment":[{"href":"https:\/\/socialnest.org\/es\/wp-json\/wp\/v2\/media?parent=1860"}],"curies":[{"name":"wp","href":"https:\/\/api.w.org\/{rel}","templated":true}]}}