{"id":1857,"date":"2021-04-01T13:16:25","date_gmt":"2021-04-01T11:16:25","guid":{"rendered":"https:\/\/socialnest.org\/legal-notice\/"},"modified":"2024-06-27T13:31:20","modified_gmt":"2024-06-27T11:31:20","slug":"aviso-legal","status":"publish","type":"page","link":"https:\/\/socialnest.org\/es\/aviso-legal\/","title":{"rendered":"Aviso legal"},"content":{"rendered":"","protected":false},"excerpt":{"rendered":"","protected":false},"author":1,"featured_media":0,"parent":0,"menu_order":0,"comment_status":"closed","ping_status":"closed","template":"","meta":[],"acf":{"page_content":[{"acf_fc_layout":"just_text","title":"AVISO LEGAL Y CONDICIONES DE USO","text":"Publicado: 01\/04\/2021 \/ Modificado: 17\/11\/2022"},{"acf_fc_layout":"just_text","title":"1. AVISO LEGAL","text":"En cumplimiento del art\u00edculo 10 de la Ley 34\/2002, de 11 de julio, de Servicios de la Sociedad de la Informaci\u00f3n y Comercio Electr\u00f3nico (LSSICE), te informamos de los datos que identifican a la entidad titular de la web www.socialnest.org <br \/>\r\n<br \/>\r\nNombre: FUNDACI\u00d3N NEST SOCIAL<br \/>\r\nCIF: G-98748510<br \/>\r\nLocalizaci\u00f3n: La Terminal, La Marina de Valencia, Calle de la Traves\u00eda, S\/N, 46024 Valencia, Espa\u00f1a<br \/>\r\nEmail: lopd@socialnest. Org<br \/>\r\n<br \/>\r\nRedes\t<br \/>\r\nFacebook: @socialnest_org<br \/>\r\nLinkedIn: @socialnest<br \/>\r\nInstagram: @socialnest<br \/>\r\n<br \/>\r\nDatos Inscripci\u00f3n: C\/ POETA ARTOLA 29 \u2013 16B. 46021 -VALENCIA<br \/>\r\nN\u00ba de registro: 46-0214"},{"acf_fc_layout":"just_text","title":"2. ACEPTACI\u00d3N DE LAS CONDICIONES DE USO","text":"Las presentes condiciones de uso y Aviso legal, as\u00ed como la Pol\u00edtica de privacidad y la de cookies, rigen el acceso y uso de la web por tu parte, como usuario de la misma.<br \/>\r\n<br \/>\r\nEl hecho de usar la web supone que has le\u00eddo y aceptas esta informaci\u00f3n legal."},{"acf_fc_layout":"just_text","title":"3. CONTENIDO DE LA WEB","text":"El sitio web alojado bajo el nombre de dominio www.socialnest.org constituye una web corporativa que ofrece informaci\u00f3n sobre los servicios que ofrece la Fundaci\u00f3n Social Nest, en adelante SOCIAL NEST, como entidad encargada de promover el emprendimiento social. Apoyar a emprendedores, ya sea personas f\u00edsicas o jur\u00eddicas, a crear y desarrollar proyectos que aporten valor social. Promover el voluntariado, la interacci\u00f3n social y el intercambio de conocimientos."},{"acf_fc_layout":"just_text","title":"4. USO DE LA WEB","text":"Como usuario te comprometes a hacer un uso correcto y legal del contenido y de los recursos accesibles desde esta web, respetando siempre a los dem\u00e1s usuarios.<br \/>\r\n<br \/>\r\nComo usuario renuncias a utilizar cualquier recurso o informaci\u00f3n contenida en este web con fines il\u00edcitos, ilegales o contrarios a la buena fe y al orden p\u00fablico, as\u00ed como cualquier medio que pueda da\u00f1ar, inutilizar o impedir el uso normal de los recursos e informaciones contenidos en la web, o los sistemas de informaci\u00f3n, documentos, archivos y toda clase de contenidos almacenados en cualquier equipo inform\u00e1tico de Social Nest de sus miembros o de cualquier otro usuario de la web. Si incumplieras cualquiera de estas obligaciones, deber\u00e1s responder de todos los da\u00f1os y perjuicios que causes.<br \/>\r\n<br \/>\r\nSocial Nest se reserva el derecho de dejar de prestar el servicio para retirar los contenidos ilegales, sin perjuicio de la responsabilidad por da\u00f1os y perjuicios que pudiera derivarse. Dicha suspensi\u00f3n o retirada no dar\u00e1 derecho a indemnizaci\u00f3n ninguna."},{"acf_fc_layout":"just_text","title":"5. CONTENIDOS Y SERVICIOS ENLAZADOS A TRAV\u00c9S DE LA WEB","text":"Los enlaces o links que contiene esta web pueden conducirte a otras webs gestionadas por terceros, sobre las que no tenemos ninguna responsabilidad, por ello, Social Nest no responde ni del estado ni de los contenidos de dichas webs ni tampoco implica que los recomiende o que apruebe sus contenidos. <br \/>\r\n<br \/>\r\nEn todo caso, el acceso a dichas webs supone que debes someterte a sus propias pol\u00edticas legales, sin que exista responsabilidad por parte de Social Nest."},{"acf_fc_layout":"just_text","title":"6. DERECHOS DE PROPIEDAD INTELECTUAL E INDUSTRIAL","text":"Todos los materiales e informaci\u00f3n de la web de Social Nest est\u00e1n sometidos a la normativa vigente sobre Propiedad Intelectual y\/o Industrial.<br \/>\r\nLa entidad es titular de los derechos de propiedad industrial e intelectual de la web, as\u00ed como de los contenidos que alberga. <br \/>\r\nPor tanto, no se permite el uso de los contenidos de la web sin la autorizaci\u00f3n expresa y por escrito de la entidad. Cualquier uso de la web o de sus contenidos deber\u00e1 tener una finalidad particular.<br \/>\r\nLos elementos como logotipos o im\u00e1genes que aparezcan en la web ajenos a Social Nest, pertenecen a sus respectivos propietarios por lo que ser\u00e1n \u00e9stos los responsables de cualquier posible disputa que pudiera surgir respecto a ellos.<br \/>\r\n<br \/>\r\nSi tienes alguna duda con respecto a la propiedad de cualquiera de los contenidos o servicios que se ofrecen a trav\u00e9s de la web, no dudes en contactar con nosotros para poder ayudarte."},{"acf_fc_layout":"just_text","title":"7. EXONERACI\u00d3N DE RESPONSABILIDAD","text":"Social Nest velar\u00e1, en la medida de sus propios recursos t\u00e9cnicos y humanos por el correcto funcionamiento de la web, as\u00ed como porque su contenido sea correcto y veraz.<br \/>\r\n <br \/>\r\nSin embargo, Social Nest no puede garantizar la ausencia de virus u otros elementos lesivos, introducidos por terceros, que pudieran causar da\u00f1os o alteraciones en el sistema inform\u00e1tico, en los documentos electr\u00f3nicos o en tus ficheros cuando visitas la web como usuario.<br \/>\r\n<br \/>\r\nSocial Nest no se hace responsable de:<br \/>\r\n1. Los da\u00f1os derivados del mal uso de esta web o de sus contenidos por los usuarios, ni de cualquier acci\u00f3n realizada sobre la base de la informaci\u00f3n que aparece en la web.<br \/>\r\n2. Los errores u omisiones que pudieran aparecer en los contenidos de la web.<br \/>\r\n3. Las p\u00e9rdidas o da\u00f1os causados en el software y equipos inform\u00e1ticos de los usuarios o de terceros por el incumplimiento de estas condiciones de uso por parte tu parte, como usuario, o por fallos o desconexiones en las redes de telecomunicaciones que produzcan la suspensi\u00f3n, cancelaci\u00f3n o interrupci\u00f3n del servicio de la web antes o durante la prestaci\u00f3n del mismo.<br \/>\r\n<br \/>\r\nTe corresponde, como usuario, disponer de las herramientas adecuadas para la detecci\u00f3n y desinfecci\u00f3n de programas inform\u00e1ticos da\u00f1inos."},{"acf_fc_layout":"just_text","title":"8. ACTUALIZACI\u00d3N DE ESTAS CONDICIONES","text":"Social Nest te informa de que estas condiciones de uso, el resto de los textos legales y en general, cualquier elemento que forma parte del dise\u00f1o y configuraci\u00f3n de la web, podr\u00e1 ser modificado cambiando de esta forma, la fecha de actualizaci\u00f3n que aparece en el encabezado de la informaci\u00f3n legal.<br \/>\r\n<br \/>\r\nLos nuevos efectos que produzca la modificaci\u00f3n se pondr\u00e1n en marcha una vez publicada en la web, por ello es importante que aceptes la vinculaci\u00f3n a las condiciones aplicables a la web en cada momento."},{"acf_fc_layout":"just_text","title":"9. LEGISLACION Y JURISDICCION APLICABLE","text":"Estas condiciones de uso se regir\u00e1n e interpretar\u00e1n conforme a la legislaci\u00f3n espa\u00f1ola y cualquier disputa relacionada con la web de Social Nest se tramitar\u00e1 ante la jurisdicci\u00f3n espa\u00f1ola."}],"h1_title":"","h2_title":""},"yoast_head":"<!-- This site is optimized with the Yoast SEO plugin v19.5.1 - https:\/\/yoast.com\/wordpress\/plugins\/seo\/ -->\n<title>Aviso legal -<\/title>\n<meta name=\"robots\" content=\"index, follow, max-snippet:-1, max-image-preview:large, max-video-preview:-1\" \/>\n<link rel=\"canonical\" href=\"https:\/\/socialnest.org\/es\/aviso-legal\/\" \/>\n<meta property=\"og:locale\" content=\"es_ES\" \/>\n<meta property=\"og:type\" content=\"article\" \/>\n<meta property=\"og:title\" content=\"Aviso legal -\" \/>\n<meta property=\"og:url\" content=\"https:\/\/socialnest.org\/es\/aviso-legal\/\" \/>\n<meta property=\"article:modified_time\" content=\"2024-06-27T11:31:20+00:00\" \/>\n<meta name=\"twitter:card\" content=\"summary_large_image\" \/>\n<script type=\"application\/ld+json\" class=\"yoast-schema-graph\">{\"@context\":\"https:\/\/schema.org\",\"@graph\":[{\"@type\":\"WebPage\",\"@id\":\"https:\/\/socialnest.org\/es\/aviso-legal\/\",\"url\":\"https:\/\/socialnest.org\/es\/aviso-legal\/\",\"name\":\"Aviso legal -\",\"isPartOf\":{\"@id\":\"https:\/\/socialnest.org\/es\/#website\"},\"datePublished\":\"2021-04-01T11:16:25+00:00\",\"dateModified\":\"2024-06-27T11:31:20+00:00\",\"breadcrumb\":{\"@id\":\"https:\/\/socialnest.org\/es\/aviso-legal\/#breadcrumb\"},\"inLanguage\":\"es\",\"potentialAction\":[{\"@type\":\"ReadAction\",\"target\":[\"https:\/\/socialnest.org\/es\/aviso-legal\/\"]}]},{\"@type\":\"BreadcrumbList\",\"@id\":\"https:\/\/socialnest.org\/es\/aviso-legal\/#breadcrumb\",\"itemListElement\":[{\"@type\":\"ListItem\",\"position\":1,\"name\":\"Portada\",\"item\":\"https:\/\/socialnest.org\/es\/\"},{\"@type\":\"ListItem\",\"position\":2,\"name\":\"Aviso legal\"}]},{\"@type\":\"WebSite\",\"@id\":\"https:\/\/socialnest.org\/es\/#website\",\"url\":\"https:\/\/socialnest.org\/es\/\",\"name\":\"\",\"description\":\"\",\"potentialAction\":[{\"@type\":\"SearchAction\",\"target\":{\"@type\":\"EntryPoint\",\"urlTemplate\":\"https:\/\/socialnest.org\/es\/?s={search_term_string}\"},\"query-input\":\"required name=search_term_string\"}],\"inLanguage\":\"es\"}]}<\/script>\n<!-- \/ Yoast SEO plugin. -->","yoast_head_json":{"title":"Aviso legal -","robots":{"index":"index","follow":"follow","max-snippet":"max-snippet:-1","max-image-preview":"max-image-preview:large","max-video-preview":"max-video-preview:-1"},"canonical":"https:\/\/socialnest.org\/es\/aviso-legal\/","og_locale":"es_ES","og_type":"article","og_title":"Aviso legal -","og_url":"https:\/\/socialnest.org\/es\/aviso-legal\/","article_modified_time":"2024-06-27T11:31:20+00:00","twitter_card":"summary_large_image","schema":{"@context":"https:\/\/schema.org","@graph":[{"@type":"WebPage","@id":"https:\/\/socialnest.org\/es\/aviso-legal\/","url":"https:\/\/socialnest.org\/es\/aviso-legal\/","name":"Aviso legal -","isPartOf":{"@id":"https:\/\/socialnest.org\/es\/#website"},"datePublished":"2021-04-01T11:16:25+00:00","dateModified":"2024-06-27T11:31:20+00:00","breadcrumb":{"@id":"https:\/\/socialnest.org\/es\/aviso-legal\/#breadcrumb"},"inLanguage":"es","potentialAction":[{"@type":"ReadAction","target":["https:\/\/socialnest.org\/es\/aviso-legal\/"]}]},{"@type":"BreadcrumbList","@id":"https:\/\/socialnest.org\/es\/aviso-legal\/#breadcrumb","itemListElement":[{"@type":"ListItem","position":1,"name":"Portada","item":"https:\/\/socialnest.org\/es\/"},{"@type":"ListItem","position":2,"name":"Aviso legal"}]},{"@type":"WebSite","@id":"https:\/\/socialnest.org\/es\/#website","url":"https:\/\/socialnest.org\/es\/","name":"","description":"","potentialAction":[{"@type":"SearchAction","target":{"@type":"EntryPoint","urlTemplate":"https:\/\/socialnest.org\/es\/?s={search_term_string}"},"query-input":"required name=search_term_string"}],"inLanguage":"es"}]}},"_links":{"self":[{"href":"https:\/\/socialnest.org\/es\/wp-json\/wp\/v2\/pages\/1857"}],"collection":[{"href":"https:\/\/socialnest.org\/es\/wp-json\/wp\/v2\/pages"}],"about":[{"href":"https:\/\/socialnest.org\/es\/wp-json\/wp\/v2\/types\/page"}],"author":[{"embeddable":true,"href":"https:\/\/socialnest.org\/es\/wp-json\/wp\/v2\/users\/1"}],"replies":[{"embeddable":true,"href":"https:\/\/socialnest.org\/es\/wp-json\/wp\/v2\/comments?post=1857"}],"version-history":[{"count":8,"href":"https:\/\/socialnest.org\/es\/wp-json\/wp\/v2\/pages\/1857\/revisions"}],"predecessor-version":[{"id":5013,"href":"https:\/\/socialnest.org\/es\/wp-json\/wp\/v2\/pages\/1857\/revisions\/5013"}],"wp:attachment":[{"href":"https:\/\/socialnest.org\/es\/wp-json\/wp\/v2\/media?parent=1857"}],"curies":[{"name":"wp","href":"https:\/\/api.w.org\/{rel}","templated":true}]}}