{"id":1853,"date":"2021-03-30T08:38:54","date_gmt":"2021-03-30T06:38:54","guid":{"rendered":"https:\/\/socialnest.org\/diversity\/"},"modified":"2022-12-14T18:34:00","modified_gmt":"2022-12-14T17:34:00","slug":"diversidad","status":"publish","type":"page","link":"https:\/\/socialnest.org\/es\/diversidad\/","title":{"rendered":"Diversidad"},"content":{"rendered":"","protected":false},"excerpt":{"rendered":"","protected":false},"author":1,"featured_media":0,"parent":0,"menu_order":0,"comment_status":"closed","ping_status":"closed","template":"page-initiatives.php","meta":[],"acf":{"category_initiatives":25,"header_image":1363,"initiative__description":"Promovemos la diversidad y la inclusi\u00f3n a trav\u00e9s de programas y eventos destinados a cerrar la brecha de g\u00e9nero en el emprendimiento y la inversi\u00f3n, y mediante el desarrollo de competencias empresariales en los j\u00f3venes.","h1_title":"Diversidad","h2_title":""},"yoast_head":"<!-- This site is optimized with the Yoast SEO plugin v19.5.1 - https:\/\/yoast.com\/wordpress\/plugins\/seo\/ -->\n<title>Programas sobre diversidad | Social Nest Foundation<\/title>\n<meta name=\"description\" content=\"Promovemos la diversidad y la inclusi\u00f3n a trav\u00e9s de programas y eventos \u2713 Reducir la brecha de g\u00e9nero \u2713 Fomentar la competencia empresarial entre los j\u00f3venes.\" \/>\n<meta name=\"robots\" content=\"index, follow, max-snippet:-1, max-image-preview:large, max-video-preview:-1\" \/>\n<link rel=\"canonical\" href=\"https:\/\/socialnest.org\/es\/diversidad\/\" \/>\n<meta property=\"og:locale\" content=\"es_ES\" \/>\n<meta property=\"og:type\" content=\"article\" \/>\n<meta property=\"og:title\" content=\"Programas sobre diversidad | Social Nest Foundation\" \/>\n<meta property=\"og:description\" content=\"Promovemos la diversidad y la inclusi\u00f3n a trav\u00e9s de programas y eventos \u2713 Reducir la brecha de g\u00e9nero \u2713 Fomentar la competencia empresarial entre los j\u00f3venes.\" \/>\n<meta property=\"og:url\" content=\"https:\/\/socialnest.org\/es\/diversidad\/\" \/>\n<meta property=\"article:modified_time\" content=\"2022-12-14T17:34:00+00:00\" \/>\n<meta name=\"twitter:card\" content=\"summary_large_image\" \/>\n<script type=\"application\/ld+json\" class=\"yoast-schema-graph\">{\"@context\":\"https:\/\/schema.org\",\"@graph\":[{\"@type\":\"WebPage\",\"@id\":\"https:\/\/socialnest.org\/es\/diversidad\/\",\"url\":\"https:\/\/socialnest.org\/es\/diversidad\/\",\"name\":\"Programas sobre diversidad | Social Nest Foundation\",\"isPartOf\":{\"@id\":\"https:\/\/socialnest.org\/es\/#website\"},\"datePublished\":\"2021-03-30T06:38:54+00:00\",\"dateModified\":\"2022-12-14T17:34:00+00:00\",\"description\":\"Promovemos la diversidad y la inclusi\u00f3n a trav\u00e9s de programas y eventos \u2713 Reducir la brecha de g\u00e9nero \u2713 Fomentar la competencia empresarial entre los j\u00f3venes.\",\"breadcrumb\":{\"@id\":\"https:\/\/socialnest.org\/es\/diversidad\/#breadcrumb\"},\"inLanguage\":\"es\",\"potentialAction\":[{\"@type\":\"ReadAction\",\"target\":[\"https:\/\/socialnest.org\/es\/diversidad\/\"]}]},{\"@type\":\"BreadcrumbList\",\"@id\":\"https:\/\/socialnest.org\/es\/diversidad\/#breadcrumb\",\"itemListElement\":[{\"@type\":\"ListItem\",\"position\":1,\"name\":\"Portada\",\"item\":\"https:\/\/socialnest.org\/es\/\"},{\"@type\":\"ListItem\",\"position\":2,\"name\":\"Diversidad\"}]},{\"@type\":\"WebSite\",\"@id\":\"https:\/\/socialnest.org\/es\/#website\",\"url\":\"https:\/\/socialnest.org\/es\/\",\"name\":\"\",\"description\":\"\",\"potentialAction\":[{\"@type\":\"SearchAction\",\"target\":{\"@type\":\"EntryPoint\",\"urlTemplate\":\"https:\/\/socialnest.org\/es\/?s={search_term_string}\"},\"query-input\":\"required name=search_term_string\"}],\"inLanguage\":\"es\"}]}<\/script>\n<!-- \/ Yoast SEO plugin. -->","yoast_head_json":{"title":"Programas sobre diversidad | Social Nest Foundation","description":"Promovemos la diversidad y la inclusi\u00f3n a trav\u00e9s de programas y eventos \u2713 Reducir la brecha de g\u00e9nero \u2713 Fomentar la competencia empresarial entre los j\u00f3venes.","robots":{"index":"index","follow":"follow","max-snippet":"max-snippet:-1","max-image-preview":"max-image-preview:large","max-video-preview":"max-video-preview:-1"},"canonical":"https:\/\/socialnest.org\/es\/diversidad\/","og_locale":"es_ES","og_type":"article","og_title":"Programas sobre diversidad | Social Nest Foundation","og_description":"Promovemos la diversidad y la inclusi\u00f3n a trav\u00e9s de programas y eventos \u2713 Reducir la brecha de g\u00e9nero \u2713 Fomentar la competencia empresarial entre los j\u00f3venes.","og_url":"https:\/\/socialnest.org\/es\/diversidad\/","article_modified_time":"2022-12-14T17:34:00+00:00","twitter_card":"summary_large_image","schema":{"@context":"https:\/\/schema.org","@graph":[{"@type":"WebPage","@id":"https:\/\/socialnest.org\/es\/diversidad\/","url":"https:\/\/socialnest.org\/es\/diversidad\/","name":"Programas sobre diversidad | Social Nest Foundation","isPartOf":{"@id":"https:\/\/socialnest.org\/es\/#website"},"datePublished":"2021-03-30T06:38:54+00:00","dateModified":"2022-12-14T17:34:00+00:00","description":"Promovemos la diversidad y la inclusi\u00f3n a trav\u00e9s de programas y eventos \u2713 Reducir la brecha de g\u00e9nero \u2713 Fomentar la competencia empresarial entre los j\u00f3venes.","breadcrumb":{"@id":"https:\/\/socialnest.org\/es\/diversidad\/#breadcrumb"},"inLanguage":"es","potentialAction":[{"@type":"ReadAction","target":["https:\/\/socialnest.org\/es\/diversidad\/"]}]},{"@type":"BreadcrumbList","@id":"https:\/\/socialnest.org\/es\/diversidad\/#breadcrumb","itemListElement":[{"@type":"ListItem","position":1,"name":"Portada","item":"https:\/\/socialnest.org\/es\/"},{"@type":"ListItem","position":2,"name":"Diversidad"}]},{"@type":"WebSite","@id":"https:\/\/socialnest.org\/es\/#website","url":"https:\/\/socialnest.org\/es\/","name":"","description":"","potentialAction":[{"@type":"SearchAction","target":{"@type":"EntryPoint","urlTemplate":"https:\/\/socialnest.org\/es\/?s={search_term_string}"},"query-input":"required name=search_term_string"}],"inLanguage":"es"}]}},"_links":{"self":[{"href":"https:\/\/socialnest.org\/es\/wp-json\/wp\/v2\/pages\/1853"}],"collection":[{"href":"https:\/\/socialnest.org\/es\/wp-json\/wp\/v2\/pages"}],"about":[{"href":"https:\/\/socialnest.org\/es\/wp-json\/wp\/v2\/types\/page"}],"author":[{"embeddable":true,"href":"https:\/\/socialnest.org\/es\/wp-json\/wp\/v2\/users\/1"}],"replies":[{"embeddable":true,"href":"https:\/\/socialnest.org\/es\/wp-json\/wp\/v2\/comments?post=1853"}],"version-history":[{"count":4,"href":"https:\/\/socialnest.org\/es\/wp-json\/wp\/v2\/pages\/1853\/revisions"}],"predecessor-version":[{"id":2835,"href":"https:\/\/socialnest.org\/es\/wp-json\/wp\/v2\/pages\/1853\/revisions\/2835"}],"wp:attachment":[{"href":"https:\/\/socialnest.org\/es\/wp-json\/wp\/v2\/media?parent=1853"}],"curies":[{"name":"wp","href":"https:\/\/api.w.org\/{rel}","templated":true}]}}