{"id":1686,"date":"2021-03-04T12:12:22","date_gmt":"2021-03-04T11:12:22","guid":{"rendered":"https:\/\/socialnest.org\/home\/"},"modified":"2024-11-26T09:51:19","modified_gmt":"2024-11-26T08:51:19","slug":"home","status":"publish","type":"page","link":"https:\/\/socialnest.org\/es\/","title":{"rendered":"Inicio"},"content":{"rendered":"","protected":false},"excerpt":{"rendered":"","protected":false},"author":1,"featured_media":3948,"parent":0,"menu_order":0,"comment_status":"closed","ping_status":"closed","template":"front-page.php","meta":[],"acf":{"about_home":"<h3>Catalizamos a los actores econ\u00f3micos para resolver desaf\u00edos sociales y medioambientales.<\/h3>\r\nSomos una plataforma global que proporciona los recursos, las oportunidades y la orientaci\u00f3n personalizada que las personas emprendedoras, las empresas, los gobiernos y las personas inversoras necesitan para crear soluciones a los desaf\u00edos m\u00e1s urgentes que enfrenta la humanidad.","initiatives_home":"Lideramos programas, actividades, eventos y comunidades innovadores y con enfoque global que allanan el camino para aquellos que buscan tener un impacto social y ambiental positivo a trav\u00e9s de sus startups o capital.","gallery_home":[{"ID":3946,"id":3946,"title":"1","filename":"1.png","filesize":944446,"url":"https:\/\/socialnest.org\/wp-content\/uploads\/2023\/09\/1.png","link":"https:\/\/socialnest.org\/es\/home\/1-4-2\/","alt":"","author":"6","description":"","caption":"","name":"1-4-2","status":"inherit","uploaded_to":1686,"date":"2023-09-11 15:06:26","modified":"2023-09-11 15:08:36","menu_order":0,"mime_type":"image\/png","type":"image","subtype":"png","icon":"https:\/\/socialnest.org\/wp-includes\/images\/media\/default.png","width":1920,"height":1280,"sizes":{"thumbnail":"https:\/\/socialnest.org\/wp-content\/uploads\/2023\/09\/1-150x150.png","thumbnail-width":150,"thumbnail-height":150,"medium":"https:\/\/socialnest.org\/wp-content\/uploads\/2023\/09\/1-300x200.png","medium-width":300,"medium-height":200,"medium_large":"https:\/\/socialnest.org\/wp-content\/uploads\/2023\/09\/1-768x512.png","medium_large-width":768,"medium_large-height":512,"large":"https:\/\/socialnest.org\/wp-content\/uploads\/2023\/09\/1-1024x683.png","large-width":1024,"large-height":683,"1536x1536":"https:\/\/socialnest.org\/wp-content\/uploads\/2023\/09\/1-1536x1024.png","1536x1536-width":1536,"1536x1536-height":1024,"2048x2048":"https:\/\/socialnest.org\/wp-content\/uploads\/2023\/09\/1.png","2048x2048-width":1920,"2048x2048-height":1280,"blog-thumb":"https:\/\/socialnest.org\/wp-content\/uploads\/2023\/09\/1-350x260.png","blog-thumb-width":350,"blog-thumb-height":260}},{"ID":1420,"id":1420,"title":"The Nest Space","filename":"The-Nest-Space.jpg","filesize":61697,"url":"https:\/\/socialnest.org\/wp-content\/uploads\/2021\/04\/The-Nest-Space.jpg","link":"https:\/\/socialnest.org\/es\/home\/the-nest-space-2-2\/","alt":"","author":"6","description":"","caption":"","name":"the-nest-space-2-2","status":"inherit","uploaded_to":1686,"date":"2021-04-06 14:52:21","modified":"2021-04-06 14:52:21","menu_order":0,"mime_type":"image\/jpeg","type":"image","subtype":"jpeg","icon":"https:\/\/socialnest.org\/wp-includes\/images\/media\/default.png","width":1024,"height":683,"sizes":{"thumbnail":"https:\/\/socialnest.org\/wp-content\/uploads\/2021\/04\/The-Nest-Space-150x150.jpg","thumbnail-width":150,"thumbnail-height":150,"medium":"https:\/\/socialnest.org\/wp-content\/uploads\/2021\/04\/The-Nest-Space-300x200.jpg","medium-width":300,"medium-height":200,"medium_large":"https:\/\/socialnest.org\/wp-content\/uploads\/2021\/04\/The-Nest-Space-768x512.jpg","medium_large-width":768,"medium_large-height":512,"large":"https:\/\/socialnest.org\/wp-content\/uploads\/2021\/04\/The-Nest-Space.jpg","large-width":1024,"large-height":683,"1536x1536":"https:\/\/socialnest.org\/wp-content\/uploads\/2021\/04\/The-Nest-Space.jpg","1536x1536-width":1024,"1536x1536-height":683,"2048x2048":"https:\/\/socialnest.org\/wp-content\/uploads\/2021\/04\/The-Nest-Space.jpg","2048x2048-width":1024,"2048x2048-height":683,"blog-thumb":"https:\/\/socialnest.org\/wp-content\/uploads\/2021\/04\/The-Nest-Space-350x260.jpg","blog-thumb-width":350,"blog-thumb-height":260}},{"ID":3955,"id":3955,"title":"3","filename":"3.png","filesize":595655,"url":"https:\/\/socialnest.org\/wp-content\/uploads\/2023\/09\/3.png","link":"https:\/\/socialnest.org\/es\/home\/3-2\/","alt":"","author":"6","description":"","caption":"","name":"3-2","status":"inherit","uploaded_to":1686,"date":"2023-09-11 15:26:51","modified":"2023-09-11 15:27:36","menu_order":0,"mime_type":"image\/png","type":"image","subtype":"png","icon":"https:\/\/socialnest.org\/wp-includes\/images\/media\/default.png","width":1920,"height":1280,"sizes":{"thumbnail":"https:\/\/socialnest.org\/wp-content\/uploads\/2023\/09\/3-150x150.png","thumbnail-width":150,"thumbnail-height":150,"medium":"https:\/\/socialnest.org\/wp-content\/uploads\/2023\/09\/3-300x200.png","medium-width":300,"medium-height":200,"medium_large":"https:\/\/socialnest.org\/wp-content\/uploads\/2023\/09\/3-768x512.png","medium_large-width":768,"medium_large-height":512,"large":"https:\/\/socialnest.org\/wp-content\/uploads\/2023\/09\/3-1024x683.png","large-width":1024,"large-height":683,"1536x1536":"https:\/\/socialnest.org\/wp-content\/uploads\/2023\/09\/3-1536x1024.png","1536x1536-width":1536,"1536x1536-height":1024,"2048x2048":"https:\/\/socialnest.org\/wp-content\/uploads\/2023\/09\/3.png","2048x2048-width":1920,"2048x2048-height":1280,"blog-thumb":"https:\/\/socialnest.org\/wp-content\/uploads\/2023\/09\/3-350x260.png","blog-thumb-width":350,"blog-thumb-height":260}},{"ID":3948,"id":3948,"title":"2 (1)","filename":"2-1.png","filesize":967765,"url":"https:\/\/socialnest.org\/wp-content\/uploads\/2023\/09\/2-1.png","link":"https:\/\/socialnest.org\/es\/home\/2-1-2\/","alt":"","author":"6","description":"","caption":"","name":"2-1-2","status":"inherit","uploaded_to":1686,"date":"2023-09-11 15:06:34","modified":"2023-09-11 15:06:34","menu_order":0,"mime_type":"image\/png","type":"image","subtype":"png","icon":"https:\/\/socialnest.org\/wp-includes\/images\/media\/default.png","width":1920,"height":1280,"sizes":{"thumbnail":"https:\/\/socialnest.org\/wp-content\/uploads\/2023\/09\/2-1-150x150.png","thumbnail-width":150,"thumbnail-height":150,"medium":"https:\/\/socialnest.org\/wp-content\/uploads\/2023\/09\/2-1-300x200.png","medium-width":300,"medium-height":200,"medium_large":"https:\/\/socialnest.org\/wp-content\/uploads\/2023\/09\/2-1-768x512.png","medium_large-width":768,"medium_large-height":512,"large":"https:\/\/socialnest.org\/wp-content\/uploads\/2023\/09\/2-1-1024x683.png","large-width":1024,"large-height":683,"1536x1536":"https:\/\/socialnest.org\/wp-content\/uploads\/2023\/09\/2-1-1536x1024.png","1536x1536-width":1536,"1536x1536-height":1024,"2048x2048":"https:\/\/socialnest.org\/wp-content\/uploads\/2023\/09\/2-1.png","2048x2048-width":1920,"2048x2048-height":1280,"blog-thumb":"https:\/\/socialnest.org\/wp-content\/uploads\/2023\/09\/2-1-350x260.png","blog-thumb-width":350,"blog-thumb-height":260}},{"ID":3957,"id":3957,"title":"4","filename":"4.png","filesize":1031598,"url":"https:\/\/socialnest.org\/wp-content\/uploads\/2023\/09\/4.png","link":"https:\/\/socialnest.org\/es\/home\/attachment\/4\/","alt":"","author":"6","description":"","caption":"","name":"4","status":"inherit","uploaded_to":1686,"date":"2023-09-11 15:27:02","modified":"2023-09-11 15:29:18","menu_order":0,"mime_type":"image\/png","type":"image","subtype":"png","icon":"https:\/\/socialnest.org\/wp-includes\/images\/media\/default.png","width":1920,"height":1280,"sizes":{"thumbnail":"https:\/\/socialnest.org\/wp-content\/uploads\/2023\/09\/4-150x150.png","thumbnail-width":150,"thumbnail-height":150,"medium":"https:\/\/socialnest.org\/wp-content\/uploads\/2023\/09\/4-300x200.png","medium-width":300,"medium-height":200,"medium_large":"https:\/\/socialnest.org\/wp-content\/uploads\/2023\/09\/4-768x512.png","medium_large-width":768,"medium_large-height":512,"large":"https:\/\/socialnest.org\/wp-content\/uploads\/2023\/09\/4-1024x683.png","large-width":1024,"large-height":683,"1536x1536":"https:\/\/socialnest.org\/wp-content\/uploads\/2023\/09\/4-1536x1024.png","1536x1536-width":1536,"1536x1536-height":1024,"2048x2048":"https:\/\/socialnest.org\/wp-content\/uploads\/2023\/09\/4.png","2048x2048-width":1920,"2048x2048-height":1280,"blog-thumb":"https:\/\/socialnest.org\/wp-content\/uploads\/2023\/09\/4-350x260.png","blog-thumb-width":350,"blog-thumb-height":260}}],"join_text":"A nuestra comunidad para formar parte de un ecosistema de impacto internacional y conectarte a una de las plataformas de impacto l\u00edderes en el mundo.","carrousel__text":"Haciendo<br>crecer<br>la econom\u00eda de impacto","h1_title":"Haciendo crecer la econom\u00eda de impacto ","h2_title":"","partners__logo":[{"partner_title":"","partners_cat":[{"logo":3069,"url_website":""},{"logo":4518,"url_website":""},{"logo":4603,"url_website":""},{"logo":3063,"url_website":""},{"logo":4599,"url_website":""},{"logo":4601,"url_website":""},{"logo":3270,"url_website":""},{"logo":4597,"url_website":""},{"logo":4631,"url_website":""},{"logo":3268,"url_website":""},{"logo":3055,"url_website":""},{"logo":3057,"url_website":""},{"logo":3266,"url_website":""},{"logo":5329,"url_website":""},{"logo":4625,"url_website":""},{"logo":4611,"url_website":""},{"logo":4629,"url_website":""},{"logo":4623,"url_website":""},{"logo":4607,"url_website":""},{"logo":4627,"url_website":""},{"logo":4605,"url_website":""},{"logo":4522,"url_website":""},{"logo":4617,"url_website":""},{"logo":3674,"url_website":""},{"logo":4619,"url_website":""},{"logo":4609,"url_website":""},{"logo":4615,"url_website":""},{"logo":4613,"url_website":""},{"logo":4621,"url_website":""}]}]},"yoast_head":"<!-- This site is optimized with the Yoast SEO plugin v19.5.1 - https:\/\/yoast.com\/wordpress\/plugins\/seo\/ -->\n<title>Econom\u00eda de impacto | Social Nest Foundation<\/title>\n<meta name=\"description\" content=\"Social Nest Foundation fomenta el esp\u00edritu empresarial, la inversi\u00f3n y la tecnolog\u00eda para lograr un impacto social y medioambiental positivo.\" \/>\n<meta name=\"robots\" content=\"index, follow, max-snippet:-1, max-image-preview:large, max-video-preview:-1\" \/>\n<link rel=\"canonical\" href=\"https:\/\/socialnest.org\/es\/\" \/>\n<meta property=\"og:locale\" content=\"es_ES\" \/>\n<meta property=\"og:type\" content=\"article\" \/>\n<meta property=\"og:title\" content=\"Econom\u00eda de impacto | Social Nest Foundation\" \/>\n<meta property=\"og:description\" content=\"Social Nest Foundation fomenta el esp\u00edritu empresarial, la inversi\u00f3n y la tecnolog\u00eda para lograr un impacto social y medioambiental positivo.\" \/>\n<meta property=\"og:url\" content=\"https:\/\/socialnest.org\/es\/\" \/>\n<meta property=\"article:modified_time\" content=\"2024-11-26T08:51:19+00:00\" \/>\n<meta property=\"og:image\" content=\"https:\/\/socialnest.org\/wp-content\/uploads\/2021\/04\/Recurso-2@1.5x-100-1024x578.jpg\" \/>\n\t<meta property=\"og:image:width\" content=\"1024\" \/>\n\t<meta property=\"og:image:height\" content=\"578\" \/>\n\t<meta property=\"og:image:type\" content=\"image\/jpeg\" \/>\n<meta name=\"twitter:card\" content=\"summary_large_image\" \/>\n<meta name=\"twitter:image\" content=\"https:\/\/socialnest.org\/wp-content\/uploads\/2021\/04\/Recurso-2@1.5x-100-scaled.jpg\" \/>\n<script type=\"application\/ld+json\" class=\"yoast-schema-graph\">{\"@context\":\"https:\/\/schema.org\",\"@graph\":[{\"@type\":\"WebPage\",\"@id\":\"https:\/\/socialnest.org\/es\/\",\"url\":\"https:\/\/socialnest.org\/es\/\",\"name\":\"Econom\u00eda de impacto | Social Nest Foundation\",\"isPartOf\":{\"@id\":\"https:\/\/socialnest.org\/es\/#website\"},\"datePublished\":\"2021-03-04T11:12:22+00:00\",\"dateModified\":\"2024-11-26T08:51:19+00:00\",\"description\":\"Social Nest Foundation fomenta el esp\u00edritu empresarial, la inversi\u00f3n y la tecnolog\u00eda para lograr un impacto social y medioambiental positivo.\",\"breadcrumb\":{\"@id\":\"https:\/\/socialnest.org\/es\/#breadcrumb\"},\"inLanguage\":\"es\",\"potentialAction\":[{\"@type\":\"ReadAction\",\"target\":[\"https:\/\/socialnest.org\/es\/\"]}]},{\"@type\":\"BreadcrumbList\",\"@id\":\"https:\/\/socialnest.org\/es\/#breadcrumb\",\"itemListElement\":[{\"@type\":\"ListItem\",\"position\":1,\"name\":\"Portada\",\"item\":\"https:\/\/socialnest.org\/es\/\"},{\"@type\":\"ListItem\",\"position\":2,\"name\":\"Inicio\"}]},{\"@type\":\"WebSite\",\"@id\":\"https:\/\/socialnest.org\/es\/#website\",\"url\":\"https:\/\/socialnest.org\/es\/\",\"name\":\"\",\"description\":\"\",\"potentialAction\":[{\"@type\":\"SearchAction\",\"target\":{\"@type\":\"EntryPoint\",\"urlTemplate\":\"https:\/\/socialnest.org\/es\/?s={search_term_string}\"},\"query-input\":\"required name=search_term_string\"}],\"inLanguage\":\"es\"}]}<\/script>\n<!-- \/ Yoast SEO plugin. -->","yoast_head_json":{"title":"Econom\u00eda de impacto | Social Nest Foundation","description":"Social Nest Foundation fomenta el esp\u00edritu empresarial, la inversi\u00f3n y la tecnolog\u00eda para lograr un impacto social y medioambiental positivo.","robots":{"index":"index","follow":"follow","max-snippet":"max-snippet:-1","max-image-preview":"max-image-preview:large","max-video-preview":"max-video-preview:-1"},"canonical":"https:\/\/socialnest.org\/es\/","og_locale":"es_ES","og_type":"article","og_title":"Econom\u00eda de impacto | Social Nest Foundation","og_description":"Social Nest Foundation fomenta el esp\u00edritu empresarial, la inversi\u00f3n y la tecnolog\u00eda para lograr un impacto social y medioambiental positivo.","og_url":"https:\/\/socialnest.org\/es\/","article_modified_time":"2024-11-26T08:51:19+00:00","og_image":[{"width":1024,"height":578,"url":"https:\/\/socialnest.org\/wp-content\/uploads\/2021\/04\/Recurso-2@1.5x-100-1024x578.jpg","type":"image\/jpeg"}],"twitter_card":"summary_large_image","twitter_image":"https:\/\/socialnest.org\/wp-content\/uploads\/2021\/04\/Recurso-2@1.5x-100-scaled.jpg","schema":{"@context":"https:\/\/schema.org","@graph":[{"@type":"WebPage","@id":"https:\/\/socialnest.org\/es\/","url":"https:\/\/socialnest.org\/es\/","name":"Econom\u00eda de impacto | Social Nest Foundation","isPartOf":{"@id":"https:\/\/socialnest.org\/es\/#website"},"datePublished":"2021-03-04T11:12:22+00:00","dateModified":"2024-11-26T08:51:19+00:00","description":"Social Nest Foundation fomenta el esp\u00edritu empresarial, la inversi\u00f3n y la tecnolog\u00eda para lograr un impacto social y medioambiental positivo.","breadcrumb":{"@id":"https:\/\/socialnest.org\/es\/#breadcrumb"},"inLanguage":"es","potentialAction":[{"@type":"ReadAction","target":["https:\/\/socialnest.org\/es\/"]}]},{"@type":"BreadcrumbList","@id":"https:\/\/socialnest.org\/es\/#breadcrumb","itemListElement":[{"@type":"ListItem","position":1,"name":"Portada","item":"https:\/\/socialnest.org\/es\/"},{"@type":"ListItem","position":2,"name":"Inicio"}]},{"@type":"WebSite","@id":"https:\/\/socialnest.org\/es\/#website","url":"https:\/\/socialnest.org\/es\/","name":"","description":"","potentialAction":[{"@type":"SearchAction","target":{"@type":"EntryPoint","urlTemplate":"https:\/\/socialnest.org\/es\/?s={search_term_string}"},"query-input":"required name=search_term_string"}],"inLanguage":"es"}]}},"_links":{"self":[{"href":"https:\/\/socialnest.org\/es\/wp-json\/wp\/v2\/pages\/1686"}],"collection":[{"href":"https:\/\/socialnest.org\/es\/wp-json\/wp\/v2\/pages"}],"about":[{"href":"https:\/\/socialnest.org\/es\/wp-json\/wp\/v2\/types\/page"}],"author":[{"embeddable":true,"href":"https:\/\/socialnest.org\/es\/wp-json\/wp\/v2\/users\/1"}],"replies":[{"embeddable":true,"href":"https:\/\/socialnest.org\/es\/wp-json\/wp\/v2\/comments?post=1686"}],"version-history":[{"count":17,"href":"https:\/\/socialnest.org\/es\/wp-json\/wp\/v2\/pages\/1686\/revisions"}],"predecessor-version":[{"id":5331,"href":"https:\/\/socialnest.org\/es\/wp-json\/wp\/v2\/pages\/1686\/revisions\/5331"}],"wp:featuredmedia":[{"embeddable":true,"href":"https:\/\/socialnest.org\/es\/wp-json\/wp\/v2\/media\/3948"}],"wp:attachment":[{"href":"https:\/\/socialnest.org\/es\/wp-json\/wp\/v2\/media?parent=1686"}],"curies":[{"name":"wp","href":"https:\/\/api.w.org\/{rel}","templated":true}]}}